{"id":781,"date":"2021-12-02T15:08:32","date_gmt":"2021-12-02T15:08:32","guid":{"rendered":"https:\/\/arlumirenovables.com\/legal-warning\/"},"modified":"2021-12-02T15:08:33","modified_gmt":"2021-12-02T15:08:33","slug":"legal-warning","status":"publish","type":"page","link":"https:\/\/arlumirenovables.com\/en\/legal-warning\/","title":{"rendered":"Legal Warning"},"content":{"rendered":"<h4><strong>AVISO LEGAL<\/strong><\/h4>\n<p>Denominaci\u00f3n Social: ARlumi Renovables S.L<br \/>\nDomicilio Social: Pol\u00edgono Industrial Romica, Avda. A, Parc. 33, Nave A1, Puerta 2. Aptdo. Correos 5206 02080. Albacete<br \/>\nN.I.F.:<br \/>\nCorreo electr\u00f3nico: <a class=\"w-text-h\" href=\"mailto:arlumi@arlumirenovables.com\"><span class=\"w-text-value\">arlumi@arlumirenovables.com<\/span><\/a><br \/>\nDominio del sitio web: https:\/\/<a class=\"w-text-h\" href=\"https:\/\/arlumirenovables.com\/en\/\"><span class=\"w-text-value\">arlumirenovables.com<\/span><\/a><br \/>\nTel\u00e9fono: <a class=\"w-text-h\" href=\"tel:+34659145761\"><span class=\"w-text-value\">659 14 57 61<\/span><\/a><br \/>\nRegistro en la Agencia de Protecci\u00f3n de datos:<\/p>\n<h4>PROTECCI\u00d3N DE DATOS PERSONALES<\/h4>\n<p>Responsable del tratamiento<\/p>\n<p><strong>Datos de contacto del responsable:<\/strong> Arlumi Renovables S.L y correo electr\u00f3nico de contacto arlumi@arlumirenovables.com.<\/p>\n<h4>TUS DERECHOS DE PROTECCI\u00d3N DE DATOS<\/h4>\n<p><strong>C\u00f3mo ejercitar tus derechos:<\/strong> Puedes dirigir una comunicaci\u00f3n por escrito al domicilio social de Arlumi Renovables S.L o a la direcci\u00f3n de correo electr\u00f3nico indicado en el encabezamiento de este aviso legal, incluyendo en ambos casos fotocopia de su DNI u otro documento identificativo similar, para solicitar el ejercicio de los derechos siguientes:<\/p>\n<ul>\n<li><strong>Derecho a solicitar el acceso a los datos personales<\/strong>: podr\u00e1s preguntar a Arlumi Renovables S.L si esta empresa est\u00e1 tratando tus datos.<\/li>\n<li><strong>Derecho a solicitar su rectificaci\u00f3n<\/strong> (en caso de que sean incorrectos).<\/li>\n<li><strong>Derecho a solicitar la limitaci\u00f3n de su tratamiento<\/strong>, en cuyo caso \u00fanicamente ser\u00e1n conservados por Arlumi Renovables S.L para el ejercicio o la defensa de reclamaciones.<\/li>\n<li><strong>Derecho a oponerte al tratamiento<\/strong>: Arlumi Renovables S.L dejar\u00e1 de tratar los datos en la forma que indiques, salvo que por motivos leg\u00edtimos imperiosos o el ejercicio o la defensa de posibles reclamaciones se tengan que seguir tratando.<\/li>\n<li><strong>Derecho a la portabilidad de los datos<\/strong>: en caso de que quieras que tus datos sean tratados por otra firma, Arlumi Renovables S.L te facilitar\u00e1 la portabilidad de tus datos al nuevo responsable.<\/li>\n<li><strong>Derecho al borrado de los datos<\/strong>: y salvo imperativo legal se borrar\u00e1n tras tu confirmaci\u00f3n.<\/li>\n<\/ul>\n<p><strong>Modelos, formularios y m\u00e1s informaci\u00f3n sobre tus derechos:<\/strong> <a href=\"https:\/\/www.agpd.es\/portalwebAGPD\/CanalDelCiudadano\/derechos\/index-ides-idphp.php\" target=\"_blank\" rel=\"noreferrer noopener\">P\u00e1gina oficial de la Agencia Espa\u00f1ola de Protecci\u00f3n de Datos<\/a><\/p>\n<p><strong>Posibilidad de retirar el consentimiento:<\/strong> en el caso de que hayas otorgado el consentimiento para alguna finalidad espec\u00edfica, tienes derecho a retirarlo en cualquier momento, sin que ello afecte a la licitud del tratamiento basado en el consentimiento previo a su retirada.<\/p>\n<p><strong>C\u00f3mo reclamar ante la Autoridad de Control:<\/strong> Si consideras que hay un problema con la forma en que Arlumi Renovables S.L est\u00e1 manejando tus datos, puedes dirigir tus reclamaciones al Responsable de Seguridad de Arlumi Renovables S.L (indicado arriba) o a la <a href=\"https:\/\/www.agpd.es\/portalwebAGPD\/enlaces\/index-ides-idphp.php\" target=\"_blank\" rel=\"noreferrer noopener\">autoridad de protecci\u00f3n de datos<\/a> que corresponda, siendo la <a href=\"https:\/\/www.agpd.es\/\" target=\"_blank\" rel=\"noreferrer noopener\">Agencia Espa\u00f1ola de Protecci\u00f3n de Datos<\/a>, la indicada en el caso de Espa\u00f1a.<\/p>\n<h4><strong>Derecho al olvido y acceso a tus datos personales<\/strong><\/h4>\n<p>En todo momento tendr\u00e1s derecho a revisar, recuperar, anonimizar y\/o borrar, total o parcialmente, los datos almacenados en el Sitio Web. Solo tienes que enviar un correo electr\u00f3nico a arlumi@arlumirenovables.com y solicitarlo.<\/p>\n<h4>Conservaci\u00f3n de los datos<\/h4>\n<p><strong>Datos desagregados:<\/strong> Los datos desagregados ser\u00e1n conservados sin plazo de supresi\u00f3n.<\/p>\n<p><strong>Datos de nuestros clientes f\u00edsicos:<\/strong> El periodo de conservaci\u00f3n de los datos personales ser\u00e1 el que marca la ley, pudiendo mantenerse hasta:<\/p>\n<ul>\n<li>4 a\u00f1os: Ley sobre Infracciones y Sanciones en el Orden Social (obligaciones en materia de afiliaci\u00f3n, altas, bajas, cotizaci\u00f3n, pago de salarios\u2026); Arts. 66 y sig. Ley General Tributaria (libros de contabilidad\u2026);<\/li>\n<li>5 a\u00f1os: Art. 1964 C\u00f3digo Civil (acciones personales sin plazo especial)<\/li>\n<li>6 a\u00f1os: Art. 30 C\u00f3digo de Comercio (libros de contabilidad, facturas\u2026)<\/li>\n<li>10 a\u00f1os: Art. 25 Ley de Prevenci\u00f3n del Blanqueo de Capitales y Financiaci\u00f3n del Terrorismo.<\/li>\n<\/ul>\n<p><strong>Datos de usuarios subidos por Demolycort a p\u00e1ginas y perfiles en redes sociales:<\/strong> Desde que el usuario ofrece su consentimiento hasta que lo retira.<\/p>\n<p><strong>Responsabilidad<\/strong><br \/>\nCualquier persona que navega por esta web se convierte en usuario de ella, debiendo observar y cumplir estrictamente todas las disposiciones que aqu\u00ed se explican; as\u00ed como cualquier otra que tuviese aplicaci\u00f3n.<br \/>\nEl que presta servicios queda librado de responsabilidades ocasionadas por la informaci\u00f3n que se publica en su web, as\u00ed como de las ca\u00eddas y paradas por mantenimientos que pudieran ocasionarse. El prestador, si lo considerase oportuno, puede modificar o cambiar el contenido que aparece en la p\u00e1gina web, no teniendo que preavisar a los usuarios de dicha acci\u00f3n.<\/p>\n<p><strong>Uso de Cookies<\/strong><br \/>\nEsta Pol\u00edtica de Cookies es parte integrante del Aviso Legal y la Pol\u00edtica de Privacidad de Arlumi Renovables S.L El acceso y la navegaci\u00f3n en el sitio, o el uso de los servicios del mismo, implican la aceptaci\u00f3n de las Condiciones Generales establecidas en nuestro Aviso Legal (y por tanto de la Pol\u00edtica de Privacidad y Pol\u00edtica de Cookies). Por favor, l\u00e9elas atentamente. Te agradecemos que hayas decidido visitarnos. Queremos que tu experiencia en el sitio sea lo mejor posible, y por ese motivo hemos escrito esta Pol\u00edtica de Cookies de la forma m\u00e1s transparente posible.<\/p>\n<p><strong>Protecci\u00f3n de los datos personales<\/strong><\/p>\n<p>Desde Arlumi Renovables S.L queremos informarles en cumplimiento con la ley<br \/>\nde protecci\u00f3n de datos RGPD UE 2016\/976 que los datos que nos ha facilitado pasar\u00e1n a<br \/>\nformar parte de un fichero responsabilidad de Arlumi Renovables S.L con<br \/>\ndirecci\u00f3n en Pol\u00edgono Industrial Romica, Avda. A, Parc. 33, Nave A1, Puerta 2. Aptdo. Correos 5206 02080. Albacete autoriz\u00e1ndonos usted<br \/>\npara el tratamiento de estos datos v\u00eda f\u00edsica, telef\u00f3nica o v\u00eda correo electr\u00f3nico con la finalidad<br \/>\nde facilitar la prestaci\u00f3n de servicios solicitados, gesti\u00f3n de tareas b\u00e1sicas de administraci\u00f3n<br \/>\nas\u00ed como para mantenerle informado sobre productos o servicios propios bien por correo<br \/>\nelectr\u00f3nico o cualquier otro medio. Sus datos no ser\u00e1n cedidos a terceros salvo obligaci\u00f3n<br \/>\nlegal. Sus datos permanecer\u00e1n en la base de datos hasta que usted solicite que sean borrados<br \/>\no bien estos dejen de ser \u00fatiles para el desarrollo de nuestra relaci\u00f3n comercial. Usted podr\u00e1<br \/>\nejercer sus derechos de acceso, rectificaci\u00f3n, cancelaci\u00f3n, oposici\u00f3n y portabilidad de estos<br \/>\ndatos as\u00ed como retractarse de su consentimiento en cualquier momento poni\u00e9ndose en<br \/>\ncontacto con nosotros bien v\u00eda correo ordinario dirigido a Arlumi Renovables S.L<br \/>\nPol\u00edgono Industrial Romica, Avda. A, Parc. 33, Nave A1, Puerta 2. Aptdo. Correos 5206 02080. Albacete adjuntando una prueba de identidad o bien v\u00eda<br \/>\ncorreo electr\u00f3nico en <strong>arlumi@arlumirenovables.com.<\/strong><\/p>\n<p>Arlumi Renovables S.L se compromete al cumplimiento de su obligaci\u00f3n de<br \/>\nsecreto de los datos de car\u00e1cter personal y de su deber de tratarlos con confidencialidad, y<br \/>\nasume, a estos efectos, las medidas de \u00edndole t\u00e9cnica, organizativa y de seguridad necesarias<br \/>\npara evitar su alteraci\u00f3n, p\u00e9rdida, tratamiento o acceso no autorizado, de acuerdo con lo<br \/>\nestablecido en la ley de protecci\u00f3n de datos RGPD UE 2016\/976.<br \/>\nEl usuario responder\u00e1, en cualquier caso, de la veracidad de los datos facilitados, reserv\u00e1ndose<br \/>\nArlumi Renovables S.L el derecho a excluir de los servicios registrados a todo<br \/>\nusuario que haya facilitado datos falsos, sin perjuicio de las dem\u00e1s acciones que procedan en<br \/>\nDerecho.<\/p>\n<figure class=\"wp-block-table\">\n<table>\n<tbody>\n<tr>\n<td><strong>Responsable:<\/strong><\/td>\n<td>Arlumi Renovables S.L<\/td>\n<\/tr>\n<tr>\n<td><strong>Finalidad:<\/strong><\/td>\n<td>Gesti\u00f3n de ofertas, facturas, contabilidad y opcionalmente newsletter.<\/td>\n<\/tr>\n<tr>\n<td><strong>Legitimaci\u00f3n:<\/strong><\/td>\n<td>Inter\u00e9s leg\u00edtimo y consentimiento.<\/td>\n<\/tr>\n<tr>\n<td><strong>Destinatarios:<\/strong><\/td>\n<td>Solo Arlumi Renovables S.L y terceros necesarios para cumplir la finalidad.<\/td>\n<\/tr>\n<tr>\n<td><strong>Derechos:<\/strong><\/td>\n<td>Acceso, rectificaci\u00f3n, supresi\u00f3n, oposici\u00f3n, limitaci\u00f3n al tratamiento, portabilidad y presentar una reclamaci\u00f3n ante la Agencia de Protecci\u00f3n de Datos.<\/td>\n<\/tr>\n<\/tbody>\n<\/table>\n<\/figure>\n<p><strong>Pol\u00edtica anti-spam<\/strong><br \/>\nEl prestador se compromete a la luchar contra los env\u00edos comerciales no solicitados (spam). Se compromete a velar por los datos personales de los usuarios para que no se produzca esta pr\u00e1ctica.<br \/>\nSi el usuario recibe informaci\u00f3n sin haberse registrado o consentido, podr\u00e1 cancelar la cuenta desde los enlaces de la comunicaci\u00f3n.<br \/>\nEl usuario siempre se puede informarnos de lo sucedido a trav\u00e9s de nuestra p\u00e1gina web de <a href=\"https:\/\/invocastudios.com\/contacto-servicios-de-diseno-e-imprenta\/\" target=\"_blank\" rel=\"noreferrer noopener\">contacto<\/a>.<\/p>\n<p><strong>Alojamiento de los datos<\/strong><br \/>\nArlumi Renovables S.L se aloja en los servidores de WEBEMPRESA EUROPA, S.L. (en adelante, WEBEMPRESA) con domicilio social en Madrid, C\/Almagro 11 6\u00ba 7\u00aa C.P. 28010, inscrita en el Registro Mercantil de Madrid, Tomo 37232, Folio 212, Hoja M 664086, Secci\u00f3n 8, inscripci\u00f3n 1 y 2, y con C.I.F. B-65739856. WEBEMPRESA tiene como correo electr\u00f3nico de contacto: <a href=\"mailto:comercial@webempresa.com\">comercial@webempresa.com<\/a>. Se puede contactar con WEBEMPRESA a trav\u00e9s del n\u00famero +34 91 091 2834.<\/p>\n<p><strong>Propiedad intelectual y uso de contenidos<\/strong><br \/>\nTodos los contenidos de la web <a href=\"https:\/\/arlumirenovables.com\/en\/\">https:\/\/arlumirenovables.com\/ <\/a>tienen autorizaci\u00f3n expresa de sus autores, o en defecto, de licencia para su uso. Esto incluye los logos, textos, dise\u00f1os, etc\u2026<br \/>\nSi se produjera un uso no autorizado de estos contenidos, ser\u00eda considerado un grave incumplimiento por parte del prestador. A trav\u00e9s de la web, se puede informar sobre cualquier tipo de atentado sobre derechos de autor.<\/p>\n<p id=\"Licencia_sobre_las_comunicaciones\"><strong>Licencia sobre las comunicaciones<\/strong><\/p>\n<p>En el caso de que el usuario env\u00ede informaci\u00f3n de cualquier tipo a arlumirenovables.com, el mismo declara, garantiza y acepta que tiene derecho a hacerlo libremente, que dicha informaci\u00f3n no infringe ning\u00fan derecho de propiedad intelectual, de marca, de patente, secreto comercial, o cualquier otro derecho de tercero, que dicha informaci\u00f3n no tiene car\u00e1cter confidencial y que dicha informaci\u00f3n no es perjudicial para terceros.<\/p>\n<p>El usuario reconoce asumir la responsabilidad y dejar\u00e1 indemne a LA IMPRENTA por cualquier comunicaci\u00f3n que suministre personalmente o a su nombre, alcanzando dicha responsabilidad sin restricci\u00f3n alguna la exactitud, legalidad, originalidad y titularidad de la misma.<\/p>\n<p>La aceptaci\u00f3n de las presentes condiciones generales implica la cesi\u00f3n en exclusiva por parte del usuario de cualquier derecho de explotaci\u00f3n de propiedad intelectual o industrial que el usuario pudiera ostentar sobre las comunicaciones que realice a trav\u00e9s de laimprentacg.com o a LA IMPRENTA.<\/p>\n<p id=\"Responsabilidad_y_garant\u00edas\"><strong>Responsabilidad y garant\u00edas<\/strong><\/p>\n<p>LA IMPRENTA no garantiza ni se hace responsable de:<\/p>\n<p>(i) la continuidad de los contenidos de arlumirenovables.com;<\/p>\n<p>(ii) la ausencia de errores en dichos contenidos ni la correcci\u00f3n de cualquier defecto que pudiera ocurrir;<\/p>\n<p>(iii) la ausencia de virus y\/o dem\u00e1s componentes da\u00f1inos en arlumirenovables.com o en el servidor que lo suministra;<\/p>\n<p>(iv) la invulnerabilidad de arlumirenovables.com y\/o la inexpugnabilidad de las medidas de seguridad que se adopten en el mismo;<\/p>\n<p>(v) la falta de utilidad o rendimiento de los contenidos de arlumirenovables.com;<\/p>\n<p>(vi) los da\u00f1os o perjuicios que cause, a s\u00ed mismo o a un tercero, cualquier persona que infringiera las condiciones, normas e instrucciones que LA IMPRENTA establece en arlumirenovables.com o a trav\u00e9s de la vulneraci\u00f3n de los sistemas de seguridad de arlumirenovables.com.<\/p>\n<p>En caso de error o defecto en los trabajos realizados por el Impresor, la responsabilidad de \u00e9ste queda limitada a la ejecuci\u00f3n de las correcciones necesarias o a la repetici\u00f3n de dicho trabajo. En ning\u00fan caso correr\u00e1n a cargo del Impresor las consecuencia econ\u00f3micas o de otro tipo derivadas del uso posterior del encargo realizado.<\/p>\n<p>Nuestra garant\u00eda incluye la repetici\u00f3n del trabajo, si se produce alg\u00fan error por nuestra parte o defecto de acabado y siempre a partir del mismo documento. Esta garant\u00eda no incluye: Errores t\u00e9cnicos o gramaticales atribuibles a la mala preparaci\u00f3n del documento por parte del cliente. Deficiencias causadas por las limitaciones t\u00e9cnicas de la forma de impresi\u00f3n elegida (consultar limitaciones seg\u00fan tipo de impresi\u00f3n offset o digital). Defectos de acabado motivados por no respetar las normas de dise\u00f1o en cuanto a sangres, marcas de corte, distancias de seguridad al corte, al plegado, etc. Diferencias de color entre las pruebas previas a la impresi\u00f3n y las impresiones realizadas, ya que a pesar de su alto nivel de calidad son solamente orientativas. Los colores visualizados en su pantalla y los impresos por su impresora NO son v\u00e1lidos como referencia de impresi\u00f3n.<\/p>\n<p>No obstante, LA IMPRENTA declara que ha adoptado todas las medidas necesarias, dentro de sus posibilidades y del estado de la tecnolog\u00eda, para garantizar el funcionamiento de arlumirenovables.com y evitar la existencia y transmisi\u00f3n de virus y dem\u00e1s componentes da\u00f1inos a los usuarios.<\/p>\n<p><strong>Ley aplicable y Jurisdicci\u00f3n<\/strong><br \/>\nLa legislaci\u00f3n espa\u00f1ola ser\u00e1 el marco de actuaci\u00f3n de todo lo concerniente a este sitio web, por el cual se resolver\u00e1 cualquier discrepancia sobre su funcionamiento.<\/p>\n","protected":false},"excerpt":{"rendered":"<p>AVISO LEGAL Denominaci\u00f3n Social: ARlumi Renovables S.L Domicilio Social: Pol\u00edgono Industrial Romica, Avda. A, Parc. 33, Nave A1, Puerta 2. Aptdo. Correos 5206 02080. Albacete N.I.F.: Correo electr\u00f3nico: arlumi@arlumirenovables.com Dominio del sitio web: https:\/\/arlumirenovables.com Tel\u00e9fono: 659 14 57 61 Registro en la Agencia de Protecci\u00f3n de datos: PROTECCI\u00d3N DE DATOS PERSONALES Responsable del tratamiento Datos&#8230;<\/p>\n","protected":false},"author":1,"featured_media":0,"parent":0,"menu_order":0,"comment_status":"closed","ping_status":"closed","template":"","meta":{"footnotes":""},"class_list":["post-781","page","type-page","status-publish","hentry"],"acf":[],"yoast_head":"<!-- This site is optimized with the Yoast SEO Premium plugin v17.8 (Yoast SEO v19.13) - https:\/\/yoast.com\/wordpress\/plugins\/seo\/ -->\n<title>Legal Warning - Arlumi Renovables<\/title>\n<meta name=\"robots\" content=\"index, follow, max-snippet:-1, max-image-preview:large, max-video-preview:-1\" \/>\n<link rel=\"canonical\" href=\"https:\/\/arlumirenovables.com\/en\/legal-warning\/\" \/>\n<meta property=\"og:locale\" content=\"en_US\" \/>\n<meta property=\"og:type\" content=\"article\" \/>\n<meta property=\"og:title\" content=\"Legal Warning\" \/>\n<meta property=\"og:description\" content=\"AVISO LEGAL Denominaci\u00f3n Social: ARlumi Renovables S.L Domicilio Social: Pol\u00edgono Industrial Romica, Avda. A, Parc. 33, Nave A1, Puerta 2. Aptdo. Correos 5206 02080. Albacete N.I.F.: Correo electr\u00f3nico: arlumi@arlumirenovables.com Dominio del sitio web: https:\/\/arlumirenovables.com Tel\u00e9fono: 659 14 57 61 Registro en la Agencia de Protecci\u00f3n de datos: PROTECCI\u00d3N DE DATOS PERSONALES Responsable del tratamiento Datos...\" \/>\n<meta property=\"og:url\" content=\"https:\/\/arlumirenovables.com\/en\/legal-warning\/\" \/>\n<meta property=\"og:site_name\" content=\"Arlumi Renovables\" \/>\n<meta property=\"article:modified_time\" content=\"2021-12-02T15:08:33+00:00\" \/>\n<meta name=\"twitter:card\" content=\"summary_large_image\" \/>\n<meta name=\"twitter:label1\" content=\"Est. reading time\" \/>\n\t<meta name=\"twitter:data1\" content=\"10 minutes\" \/>\n<script type=\"application\/ld+json\" class=\"yoast-schema-graph\">{\"@context\":\"https:\/\/schema.org\",\"@graph\":[{\"@type\":\"WebPage\",\"@id\":\"https:\/\/arlumirenovables.com\/en\/legal-warning\/\",\"url\":\"https:\/\/arlumirenovables.com\/en\/legal-warning\/\",\"name\":\"Legal Warning - Arlumi Renovables\",\"isPartOf\":{\"@id\":\"https:\/\/arlumirenovables.com\/en\/#website\"},\"datePublished\":\"2021-12-02T15:08:32+00:00\",\"dateModified\":\"2021-12-02T15:08:33+00:00\",\"breadcrumb\":{\"@id\":\"https:\/\/arlumirenovables.com\/en\/legal-warning\/#breadcrumb\"},\"inLanguage\":\"en-US\",\"potentialAction\":[{\"@type\":\"ReadAction\",\"target\":[\"https:\/\/arlumirenovables.com\/en\/legal-warning\/\"]}]},{\"@type\":\"BreadcrumbList\",\"@id\":\"https:\/\/arlumirenovables.com\/en\/legal-warning\/#breadcrumb\",\"itemListElement\":[{\"@type\":\"ListItem\",\"position\":1,\"name\":\"Home\",\"item\":\"https:\/\/arlumirenovables.com\/en\/\"},{\"@type\":\"ListItem\",\"position\":2,\"name\":\"Legal Warning\"}]},{\"@type\":\"WebSite\",\"@id\":\"https:\/\/arlumirenovables.com\/en\/#website\",\"url\":\"https:\/\/arlumirenovables.com\/en\/\",\"name\":\"Arlumi Renovables\",\"description\":\"Empresa Instaladora de Energ\u00edas Renovables.\",\"publisher\":{\"@id\":\"https:\/\/arlumirenovables.com\/en\/#organization\"},\"potentialAction\":[{\"@type\":\"SearchAction\",\"target\":{\"@type\":\"EntryPoint\",\"urlTemplate\":\"https:\/\/arlumirenovables.com\/en\/?s={search_term_string}\"},\"query-input\":\"required name=search_term_string\"}],\"inLanguage\":\"en-US\"},{\"@type\":\"Organization\",\"@id\":\"https:\/\/arlumirenovables.com\/en\/#organization\",\"name\":\"Arlumi Renovables\",\"url\":\"https:\/\/arlumirenovables.com\/en\/\",\"logo\":{\"@type\":\"ImageObject\",\"inLanguage\":\"en-US\",\"@id\":\"https:\/\/arlumirenovables.com\/en\/#\/schema\/logo\/image\/\",\"url\":\"https:\/\/arlumirenovables.com\/wp-content\/uploads\/2021\/10\/LOGOS-23-copia.png\",\"contentUrl\":\"https:\/\/arlumirenovables.com\/wp-content\/uploads\/2021\/10\/LOGOS-23-copia.png\",\"width\":500,\"height\":234,\"caption\":\"Arlumi Renovables\"},\"image\":{\"@id\":\"https:\/\/arlumirenovables.com\/en\/#\/schema\/logo\/image\/\"}}]}<\/script>\n<!-- \/ Yoast SEO Premium plugin. -->","yoast_head_json":{"title":"Legal Warning - Arlumi Renovables","robots":{"index":"index","follow":"follow","max-snippet":"max-snippet:-1","max-image-preview":"max-image-preview:large","max-video-preview":"max-video-preview:-1"},"canonical":"https:\/\/arlumirenovables.com\/en\/legal-warning\/","og_locale":"en_US","og_type":"article","og_title":"Legal Warning","og_description":"AVISO LEGAL Denominaci\u00f3n Social: ARlumi Renovables S.L Domicilio Social: Pol\u00edgono Industrial Romica, Avda. A, Parc. 33, Nave A1, Puerta 2. Aptdo. Correos 5206 02080. Albacete N.I.F.: Correo electr\u00f3nico: arlumi@arlumirenovables.com Dominio del sitio web: https:\/\/arlumirenovables.com Tel\u00e9fono: 659 14 57 61 Registro en la Agencia de Protecci\u00f3n de datos: PROTECCI\u00d3N DE DATOS PERSONALES Responsable del tratamiento Datos...","og_url":"https:\/\/arlumirenovables.com\/en\/legal-warning\/","og_site_name":"Arlumi Renovables","article_modified_time":"2021-12-02T15:08:33+00:00","twitter_card":"summary_large_image","twitter_misc":{"Est. reading time":"10 minutes"},"schema":{"@context":"https:\/\/schema.org","@graph":[{"@type":"WebPage","@id":"https:\/\/arlumirenovables.com\/en\/legal-warning\/","url":"https:\/\/arlumirenovables.com\/en\/legal-warning\/","name":"Legal Warning - Arlumi Renovables","isPartOf":{"@id":"https:\/\/arlumirenovables.com\/en\/#website"},"datePublished":"2021-12-02T15:08:32+00:00","dateModified":"2021-12-02T15:08:33+00:00","breadcrumb":{"@id":"https:\/\/arlumirenovables.com\/en\/legal-warning\/#breadcrumb"},"inLanguage":"en-US","potentialAction":[{"@type":"ReadAction","target":["https:\/\/arlumirenovables.com\/en\/legal-warning\/"]}]},{"@type":"BreadcrumbList","@id":"https:\/\/arlumirenovables.com\/en\/legal-warning\/#breadcrumb","itemListElement":[{"@type":"ListItem","position":1,"name":"Home","item":"https:\/\/arlumirenovables.com\/en\/"},{"@type":"ListItem","position":2,"name":"Legal Warning"}]},{"@type":"WebSite","@id":"https:\/\/arlumirenovables.com\/en\/#website","url":"https:\/\/arlumirenovables.com\/en\/","name":"Arlumi Renovables","description":"Empresa Instaladora de Energ\u00edas Renovables.","publisher":{"@id":"https:\/\/arlumirenovables.com\/en\/#organization"},"potentialAction":[{"@type":"SearchAction","target":{"@type":"EntryPoint","urlTemplate":"https:\/\/arlumirenovables.com\/en\/?s={search_term_string}"},"query-input":"required name=search_term_string"}],"inLanguage":"en-US"},{"@type":"Organization","@id":"https:\/\/arlumirenovables.com\/en\/#organization","name":"Arlumi Renovables","url":"https:\/\/arlumirenovables.com\/en\/","logo":{"@type":"ImageObject","inLanguage":"en-US","@id":"https:\/\/arlumirenovables.com\/en\/#\/schema\/logo\/image\/","url":"https:\/\/arlumirenovables.com\/wp-content\/uploads\/2021\/10\/LOGOS-23-copia.png","contentUrl":"https:\/\/arlumirenovables.com\/wp-content\/uploads\/2021\/10\/LOGOS-23-copia.png","width":500,"height":234,"caption":"Arlumi Renovables"},"image":{"@id":"https:\/\/arlumirenovables.com\/en\/#\/schema\/logo\/image\/"}}]}},"_links":{"self":[{"href":"https:\/\/arlumirenovables.com\/en\/wp-json\/wp\/v2\/pages\/781","targetHints":{"allow":["GET"]}}],"collection":[{"href":"https:\/\/arlumirenovables.com\/en\/wp-json\/wp\/v2\/pages"}],"about":[{"href":"https:\/\/arlumirenovables.com\/en\/wp-json\/wp\/v2\/types\/page"}],"author":[{"embeddable":true,"href":"https:\/\/arlumirenovables.com\/en\/wp-json\/wp\/v2\/users\/1"}],"replies":[{"embeddable":true,"href":"https:\/\/arlumirenovables.com\/en\/wp-json\/wp\/v2\/comments?post=781"}],"version-history":[{"count":1,"href":"https:\/\/arlumirenovables.com\/en\/wp-json\/wp\/v2\/pages\/781\/revisions"}],"predecessor-version":[{"id":782,"href":"https:\/\/arlumirenovables.com\/en\/wp-json\/wp\/v2\/pages\/781\/revisions\/782"}],"wp:attachment":[{"href":"https:\/\/arlumirenovables.com\/en\/wp-json\/wp\/v2\/media?parent=781"}],"curies":[{"name":"wp","href":"https:\/\/api.w.org\/{rel}","templated":true}]}}