{"id":1169,"date":"2021-12-22T11:35:14","date_gmt":"2021-12-22T11:35:14","guid":{"rendered":"https:\/\/arlumirenovables.com\/sectors\/parks\/"},"modified":"2021-12-23T11:46:54","modified_gmt":"2021-12-23T11:46:54","slug":"wind","status":"publish","type":"page","link":"https:\/\/arlumirenovables.com\/en\/sectors\/wind\/","title":{"rendered":"Wind"},"content":{"rendered":"<section class=\"l-section wpb_row height_medium\"><div class=\"l-section-h i-cf\"><div class=\"g-cols vc_row via_flex valign_middle type_default stacking_default\"><div class=\"vc_col-sm-4 wpb_column vc_column_container\"><div class=\"vc_column-inner\"><div class=\"wpb_wrapper\"><div class=\"w-image us_custom_44ef4aae us_animate_this align_center meta_simple\"><div class=\"w-image-h\"><img loading=\"lazy\" decoding=\"async\" width=\"750\" height=\"797\" src=\"https:\/\/arlumirenovables.com\/wp-content\/uploads\/2021\/11\/Energi\u0301a-Eo\u0301lica.png\" class=\"attachment-large size-large\" alt=\"Instalaci\u00f3n Parques E\u00f3licos Instaldor\" srcset=\"https:\/\/arlumirenovables.com\/wp-content\/uploads\/2021\/11\/Energi\u0301a-Eo\u0301lica.png 750w, https:\/\/arlumirenovables.com\/wp-content\/uploads\/2021\/11\/Energi\u0301a-Eo\u0301lica-282x300.png 282w\" sizes=\"auto, (max-width: 750px) 100vw, 750px\" \/><\/div><div class=\"w-image-meta\"><div class=\"w-image-title\">Energ\u00eda E\u00f3lica Renovable<\/div><div class=\"w-image-description\">Instalaci\u00f3n Instalaci\u00f3n Parques E\u00f3licos<\/div><\/div><\/div><\/div><\/div><\/div><div class=\"vc_col-sm-8 wpb_column vc_column_container\"><div class=\"vc_column-inner\"><div class=\"wpb_wrapper\"><div class=\"wpb_text_column us_custom_68469474 us_animate_this\"><div class=\"wpb_wrapper\"><p>Another very important sector <strong>for Arlumi Renewables<\/strong> is wind energy, a leading technology to contribute to the reduction of greenhouse gases.<\/p>\n<p>In the different projects we have implemented V-65, E-82, E-70, Nordex 4.80 MW wind turbines.<\/p>\n<p style=\"padding-left: 40px;\">\u00b7 7 Wind farms 117,2 MW,in Granada. \u00b7 1 Wind farms 2,3 MW,in C\u00e1diz.<br \/>\n\u00b7 5 Wind farms 220 MW,in Ja\u00e9n.<br \/>\n\u00b7 1 Wind farms 6 MW,in Teruel.<br \/>\n\u00b7 3 Wind farms 150 MW,in M\u00e1laga. \u00b7 3 Wind farms 100 MW,in Burgos.<\/p>\n<\/div><\/div><\/div><\/div><\/div><\/div><\/div><\/section><section class=\"l-section wpb_row us_custom_6a043254 height_medium with_img\"><div class=\"l-section-img\" style=\"background-image: url(https:\/\/arlumirenovables.com\/wp-content\/uploads\/2021\/11\/Parque-Energi\u0301a-Eo\u0301lica.jpg);\" data-img-width=\"2200\" data-img-height=\"492\"><\/div><div class=\"l-section-h i-cf\"><div class=\"g-cols vc_row via_flex valign_top type_default stacking_default\"><div class=\"vc_col-sm-12 wpb_column vc_column_container\"><div class=\"vc_column-inner\"><div class=\"wpb_wrapper\"><\/div><\/div><\/div><\/div><\/div><\/section>\n","protected":false},"excerpt":{"rendered":"Energ\u00eda E\u00f3lica RenovableInstalaci\u00f3n Instalaci\u00f3n Parques E\u00f3licosAnother very important sector for Arlumi Renewables is wind energy, a leading technology to contribute to the reduction of greenhouse gases. In the different projects we have implemented V-65, E-82, E-70, Nordex 4.80 MW wind turbines. \u00b7 7 Wind farms 117,2 MW,in Granada. \u00b7 1 Wind farms 2,3 MW,in C\u00e1diz....","protected":false},"author":1,"featured_media":633,"parent":1007,"menu_order":0,"comment_status":"closed","ping_status":"closed","template":"","meta":{"footnotes":""},"class_list":["post-1169","page","type-page","status-publish","has-post-thumbnail","hentry"],"acf":[],"yoast_head":"<!-- This site is optimized with the Yoast SEO Premium plugin v17.8 (Yoast SEO v19.13) - https:\/\/yoast.com\/wordpress\/plugins\/seo\/ -->\n<title>Wind - Arlumi Renovables<\/title>\n<meta name=\"description\" content=\"Project development, technical advice and installation of wind farms generating renewable energy in Spain.\" \/>\n<meta name=\"robots\" content=\"index, follow, max-snippet:-1, max-image-preview:large, max-video-preview:-1\" \/>\n<link rel=\"canonical\" href=\"https:\/\/arlumirenovables.com\/en\/sectors\/wind\/\" \/>\n<meta property=\"og:locale\" content=\"en_US\" \/>\n<meta property=\"og:type\" content=\"article\" \/>\n<meta property=\"og:title\" content=\"Wind\" \/>\n<meta property=\"og:description\" content=\"Project development, technical advice and installation of wind farms generating renewable energy in Spain.\" \/>\n<meta property=\"og:url\" content=\"https:\/\/arlumirenovables.com\/en\/sectors\/wind\/\" \/>\n<meta property=\"og:site_name\" content=\"Arlumi Renovables\" \/>\n<meta property=\"article:modified_time\" content=\"2021-12-23T11:46:54+00:00\" \/>\n<meta property=\"og:image\" content=\"https:\/\/arlumirenovables.com\/wp-content\/uploads\/2021\/11\/Parque-Energi\u0301a-Eo\u0301lica.jpg\" \/>\n\t<meta property=\"og:image:width\" content=\"2200\" \/>\n\t<meta property=\"og:image:height\" content=\"492\" \/>\n\t<meta property=\"og:image:type\" content=\"image\/jpeg\" \/>\n<meta name=\"twitter:card\" content=\"summary_large_image\" \/>\n<meta name=\"twitter:label1\" content=\"Est. reading time\" \/>\n\t<meta name=\"twitter:data1\" content=\"1 minute\" \/>\n<script type=\"application\/ld+json\" class=\"yoast-schema-graph\">{\"@context\":\"https:\/\/schema.org\",\"@graph\":[{\"@type\":\"WebPage\",\"@id\":\"https:\/\/arlumirenovables.com\/en\/sectors\/wind\/\",\"url\":\"https:\/\/arlumirenovables.com\/en\/sectors\/wind\/\",\"name\":\"Wind - Arlumi Renovables\",\"isPartOf\":{\"@id\":\"https:\/\/arlumirenovables.com\/en\/#website\"},\"datePublished\":\"2021-12-22T11:35:14+00:00\",\"dateModified\":\"2021-12-23T11:46:54+00:00\",\"description\":\"Project development, technical advice and installation of wind farms generating renewable energy in Spain.\",\"breadcrumb\":{\"@id\":\"https:\/\/arlumirenovables.com\/en\/sectors\/wind\/#breadcrumb\"},\"inLanguage\":\"en-US\",\"potentialAction\":[{\"@type\":\"ReadAction\",\"target\":[\"https:\/\/arlumirenovables.com\/en\/sectors\/wind\/\"]}]},{\"@type\":\"BreadcrumbList\",\"@id\":\"https:\/\/arlumirenovables.com\/en\/sectors\/wind\/#breadcrumb\",\"itemListElement\":[{\"@type\":\"ListItem\",\"position\":1,\"name\":\"Home\",\"item\":\"https:\/\/arlumirenovables.com\/en\/\"},{\"@type\":\"ListItem\",\"position\":2,\"name\":\"Sectors\",\"item\":\"https:\/\/arlumirenovables.com\/en\/sectors\/\"},{\"@type\":\"ListItem\",\"position\":3,\"name\":\"Wind\"}]},{\"@type\":\"WebSite\",\"@id\":\"https:\/\/arlumirenovables.com\/en\/#website\",\"url\":\"https:\/\/arlumirenovables.com\/en\/\",\"name\":\"Arlumi Renovables\",\"description\":\"Empresa Instaladora de Energ\u00edas Renovables.\",\"publisher\":{\"@id\":\"https:\/\/arlumirenovables.com\/en\/#organization\"},\"potentialAction\":[{\"@type\":\"SearchAction\",\"target\":{\"@type\":\"EntryPoint\",\"urlTemplate\":\"https:\/\/arlumirenovables.com\/en\/?s={search_term_string}\"},\"query-input\":\"required name=search_term_string\"}],\"inLanguage\":\"en-US\"},{\"@type\":\"Organization\",\"@id\":\"https:\/\/arlumirenovables.com\/en\/#organization\",\"name\":\"Arlumi Renovables\",\"url\":\"https:\/\/arlumirenovables.com\/en\/\",\"logo\":{\"@type\":\"ImageObject\",\"inLanguage\":\"en-US\",\"@id\":\"https:\/\/arlumirenovables.com\/en\/#\/schema\/logo\/image\/\",\"url\":\"https:\/\/arlumirenovables.com\/wp-content\/uploads\/2021\/10\/LOGOS-23-copia.png\",\"contentUrl\":\"https:\/\/arlumirenovables.com\/wp-content\/uploads\/2021\/10\/LOGOS-23-copia.png\",\"width\":500,\"height\":234,\"caption\":\"Arlumi Renovables\"},\"image\":{\"@id\":\"https:\/\/arlumirenovables.com\/en\/#\/schema\/logo\/image\/\"}}]}<\/script>\n<!-- \/ Yoast SEO Premium plugin. -->","yoast_head_json":{"title":"Wind - Arlumi Renovables","description":"Project development, technical advice and installation of wind farms generating renewable energy in Spain.","robots":{"index":"index","follow":"follow","max-snippet":"max-snippet:-1","max-image-preview":"max-image-preview:large","max-video-preview":"max-video-preview:-1"},"canonical":"https:\/\/arlumirenovables.com\/en\/sectors\/wind\/","og_locale":"en_US","og_type":"article","og_title":"Wind","og_description":"Project development, technical advice and installation of wind farms generating renewable energy in Spain.","og_url":"https:\/\/arlumirenovables.com\/en\/sectors\/wind\/","og_site_name":"Arlumi Renovables","article_modified_time":"2021-12-23T11:46:54+00:00","og_image":[{"width":2200,"height":492,"url":"https:\/\/arlumirenovables.com\/wp-content\/uploads\/2021\/11\/Parque-Energi\u0301a-Eo\u0301lica.jpg","type":"image\/jpeg"}],"twitter_card":"summary_large_image","twitter_misc":{"Est. reading time":"1 minute"},"schema":{"@context":"https:\/\/schema.org","@graph":[{"@type":"WebPage","@id":"https:\/\/arlumirenovables.com\/en\/sectors\/wind\/","url":"https:\/\/arlumirenovables.com\/en\/sectors\/wind\/","name":"Wind - Arlumi Renovables","isPartOf":{"@id":"https:\/\/arlumirenovables.com\/en\/#website"},"datePublished":"2021-12-22T11:35:14+00:00","dateModified":"2021-12-23T11:46:54+00:00","description":"Project development, technical advice and installation of wind farms generating renewable energy in Spain.","breadcrumb":{"@id":"https:\/\/arlumirenovables.com\/en\/sectors\/wind\/#breadcrumb"},"inLanguage":"en-US","potentialAction":[{"@type":"ReadAction","target":["https:\/\/arlumirenovables.com\/en\/sectors\/wind\/"]}]},{"@type":"BreadcrumbList","@id":"https:\/\/arlumirenovables.com\/en\/sectors\/wind\/#breadcrumb","itemListElement":[{"@type":"ListItem","position":1,"name":"Home","item":"https:\/\/arlumirenovables.com\/en\/"},{"@type":"ListItem","position":2,"name":"Sectors","item":"https:\/\/arlumirenovables.com\/en\/sectors\/"},{"@type":"ListItem","position":3,"name":"Wind"}]},{"@type":"WebSite","@id":"https:\/\/arlumirenovables.com\/en\/#website","url":"https:\/\/arlumirenovables.com\/en\/","name":"Arlumi Renovables","description":"Empresa Instaladora de Energ\u00edas Renovables.","publisher":{"@id":"https:\/\/arlumirenovables.com\/en\/#organization"},"potentialAction":[{"@type":"SearchAction","target":{"@type":"EntryPoint","urlTemplate":"https:\/\/arlumirenovables.com\/en\/?s={search_term_string}"},"query-input":"required name=search_term_string"}],"inLanguage":"en-US"},{"@type":"Organization","@id":"https:\/\/arlumirenovables.com\/en\/#organization","name":"Arlumi Renovables","url":"https:\/\/arlumirenovables.com\/en\/","logo":{"@type":"ImageObject","inLanguage":"en-US","@id":"https:\/\/arlumirenovables.com\/en\/#\/schema\/logo\/image\/","url":"https:\/\/arlumirenovables.com\/wp-content\/uploads\/2021\/10\/LOGOS-23-copia.png","contentUrl":"https:\/\/arlumirenovables.com\/wp-content\/uploads\/2021\/10\/LOGOS-23-copia.png","width":500,"height":234,"caption":"Arlumi Renovables"},"image":{"@id":"https:\/\/arlumirenovables.com\/en\/#\/schema\/logo\/image\/"}}]}},"_links":{"self":[{"href":"https:\/\/arlumirenovables.com\/en\/wp-json\/wp\/v2\/pages\/1169","targetHints":{"allow":["GET"]}}],"collection":[{"href":"https:\/\/arlumirenovables.com\/en\/wp-json\/wp\/v2\/pages"}],"about":[{"href":"https:\/\/arlumirenovables.com\/en\/wp-json\/wp\/v2\/types\/page"}],"author":[{"embeddable":true,"href":"https:\/\/arlumirenovables.com\/en\/wp-json\/wp\/v2\/users\/1"}],"replies":[{"embeddable":true,"href":"https:\/\/arlumirenovables.com\/en\/wp-json\/wp\/v2\/comments?post=1169"}],"version-history":[{"count":4,"href":"https:\/\/arlumirenovables.com\/en\/wp-json\/wp\/v2\/pages\/1169\/revisions"}],"predecessor-version":[{"id":1287,"href":"https:\/\/arlumirenovables.com\/en\/wp-json\/wp\/v2\/pages\/1169\/revisions\/1287"}],"up":[{"embeddable":true,"href":"https:\/\/arlumirenovables.com\/en\/wp-json\/wp\/v2\/pages\/1007"}],"wp:featuredmedia":[{"embeddable":true,"href":"https:\/\/arlumirenovables.com\/en\/wp-json\/wp\/v2\/media\/633"}],"wp:attachment":[{"href":"https:\/\/arlumirenovables.com\/en\/wp-json\/wp\/v2\/media?parent=1169"}],"curies":[{"name":"wp","href":"https:\/\/api.w.org\/{rel}","templated":true}]}}