{"id":1084,"date":"2021-12-22T10:54:20","date_gmt":"2021-12-22T10:54:20","guid":{"rendered":"https:\/\/arlumirenovables.com\/international\/"},"modified":"2021-12-23T15:00:32","modified_gmt":"2021-12-23T15:00:32","slug":"international","status":"publish","type":"page","link":"https:\/\/arlumirenovables.com\/en\/international\/","title":{"rendered":"International"},"content":{"rendered":"<section class=\"l-section wpb_row height_medium\"><div class=\"l-section-h i-cf\"><div class=\"g-cols vc_row via_flex valign_top type_default reversed stacking_default\"><div class=\"vc_col-sm-7 vc_col-md-7 vc_col-xs-12 wpb_column vc_column_container\"><div class=\"vc_column-inner\"><div class=\"wpb_wrapper\"><div class=\"g-cols wpb_row us_custom_6df4bc3a has_text_color via_flex valign_middle type_default reversed stacking_default\"><div class=\"vc_col-sm-9 wpb_column vc_column_container\"><div class=\"vc_column-inner\"><div class=\"wpb_wrapper\"><div class=\"w-image us_custom_ef014360 us_animate_this align_center\"><div class=\"w-image-h\"><img loading=\"lazy\" decoding=\"async\" width=\"1018\" height=\"427\" src=\"https:\/\/arlumirenovables.com\/wp-content\/uploads\/2021\/12\/1.png\" class=\"attachment-full size-full\" alt=\"\" srcset=\"https:\/\/arlumirenovables.com\/wp-content\/uploads\/2021\/12\/1.png 1018w, https:\/\/arlumirenovables.com\/wp-content\/uploads\/2021\/12\/1-300x126.png 300w, https:\/\/arlumirenovables.com\/wp-content\/uploads\/2021\/12\/1-400x168.png 400w, https:\/\/arlumirenovables.com\/wp-content\/uploads\/2021\/12\/1-600x252.png 600w\" sizes=\"auto, (max-width: 1018px) 100vw, 1018px\" \/><\/div><\/div><\/div><\/div><\/div><div class=\"vc_col-sm-3 wpb_column vc_column_container\"><div class=\"vc_column-inner\"><div class=\"wpb_wrapper\"><div class=\"w-image us_custom_9aadf582 us_animate_this align_center\"><div class=\"w-image-h\"><img loading=\"lazy\" decoding=\"async\" width=\"266\" height=\"332\" src=\"https:\/\/arlumirenovables.com\/wp-content\/uploads\/2021\/12\/Enegia-Renovable-Peru\u0301.png\" class=\"attachment-full size-full\" alt=\"\" srcset=\"https:\/\/arlumirenovables.com\/wp-content\/uploads\/2021\/12\/Enegia-Renovable-Peru\u0301.png 266w, https:\/\/arlumirenovables.com\/wp-content\/uploads\/2021\/12\/Enegia-Renovable-Peru\u0301-240x300.png 240w\" sizes=\"auto, (max-width: 266px) 100vw, 266px\" \/><\/div><\/div><\/div><\/div><\/div><\/div><div class=\"g-cols wpb_row us_custom_6df4bc3a has_text_color via_flex valign_middle type_default reversed stacking_default\"><div class=\"vc_col-sm-9 wpb_column vc_column_container\"><div class=\"vc_column-inner\"><div class=\"wpb_wrapper\"><div class=\"w-image us_custom_936301ec us_animate_this align_center\"><div class=\"w-image-h\"><img loading=\"lazy\" decoding=\"async\" width=\"1018\" height=\"425\" src=\"https:\/\/arlumirenovables.com\/wp-content\/uploads\/2021\/12\/2.png\" class=\"attachment-full size-full\" alt=\"\" srcset=\"https:\/\/arlumirenovables.com\/wp-content\/uploads\/2021\/12\/2.png 1018w, https:\/\/arlumirenovables.com\/wp-content\/uploads\/2021\/12\/2-300x125.png 300w, https:\/\/arlumirenovables.com\/wp-content\/uploads\/2021\/12\/2-400x167.png 400w, https:\/\/arlumirenovables.com\/wp-content\/uploads\/2021\/12\/2-600x250.png 600w\" sizes=\"auto, (max-width: 1018px) 100vw, 1018px\" \/><\/div><\/div><\/div><\/div><\/div><div class=\"vc_col-sm-3 wpb_column vc_column_container\"><div class=\"vc_column-inner\"><div class=\"wpb_wrapper\"><div class=\"w-image us_custom_a856f636 us_animate_this align_center\"><div class=\"w-image-h\"><img loading=\"lazy\" decoding=\"async\" width=\"266\" height=\"332\" src=\"https:\/\/arlumirenovables.com\/wp-content\/uploads\/2021\/12\/Enegia-Renovable-Peru\u0301.png\" class=\"attachment-full size-full\" alt=\"\" srcset=\"https:\/\/arlumirenovables.com\/wp-content\/uploads\/2021\/12\/Enegia-Renovable-Peru\u0301.png 266w, https:\/\/arlumirenovables.com\/wp-content\/uploads\/2021\/12\/Enegia-Renovable-Peru\u0301-240x300.png 240w\" sizes=\"auto, (max-width: 266px) 100vw, 266px\" \/><\/div><\/div><\/div><\/div><\/div><\/div><div class=\"g-cols wpb_row us_custom_6df4bc3a has_text_color via_flex valign_middle type_default reversed stacking_default\"><div class=\"vc_col-sm-9 wpb_column vc_column_container\"><div class=\"vc_column-inner\"><div class=\"wpb_wrapper\"><div class=\"w-image us_custom_9979932b us_animate_this align_center\"><div class=\"w-image-h\"><img loading=\"lazy\" decoding=\"async\" width=\"1016\" height=\"427\" src=\"https:\/\/arlumirenovables.com\/wp-content\/uploads\/2021\/12\/3.png\" class=\"attachment-full size-full\" alt=\"\" srcset=\"https:\/\/arlumirenovables.com\/wp-content\/uploads\/2021\/12\/3.png 1016w, https:\/\/arlumirenovables.com\/wp-content\/uploads\/2021\/12\/3-300x126.png 300w, https:\/\/arlumirenovables.com\/wp-content\/uploads\/2021\/12\/3-400x168.png 400w, https:\/\/arlumirenovables.com\/wp-content\/uploads\/2021\/12\/3-600x252.png 600w\" sizes=\"auto, (max-width: 1016px) 100vw, 1016px\" \/><\/div><\/div><\/div><\/div><\/div><div class=\"vc_col-sm-3 wpb_column vc_column_container\"><div class=\"vc_column-inner\"><div class=\"wpb_wrapper\"><div class=\"w-image us_custom_ce7ad3b7 us_animate_this align_center\"><div class=\"w-image-h\"><img loading=\"lazy\" decoding=\"async\" width=\"266\" height=\"332\" src=\"https:\/\/arlumirenovables.com\/wp-content\/uploads\/2021\/12\/Enegia-Renovable-Peru\u0301.png\" class=\"attachment-full size-full\" alt=\"\" srcset=\"https:\/\/arlumirenovables.com\/wp-content\/uploads\/2021\/12\/Enegia-Renovable-Peru\u0301.png 266w, https:\/\/arlumirenovables.com\/wp-content\/uploads\/2021\/12\/Enegia-Renovable-Peru\u0301-240x300.png 240w\" sizes=\"auto, (max-width: 266px) 100vw, 266px\" \/><\/div><\/div><\/div><\/div><\/div><\/div><div class=\"g-cols wpb_row us_custom_6df4bc3a has_text_color via_flex valign_middle type_default reversed stacking_default\"><div class=\"vc_col-sm-9 wpb_column vc_column_container\"><div class=\"vc_column-inner\"><div class=\"wpb_wrapper\"><div class=\"w-image us_custom_4ef5d869 us_animate_this align_center\"><div class=\"w-image-h\"><img loading=\"lazy\" decoding=\"async\" width=\"1016\" height=\"424\" src=\"https:\/\/arlumirenovables.com\/wp-content\/uploads\/2021\/12\/4.png\" class=\"attachment-full size-full\" alt=\"\" srcset=\"https:\/\/arlumirenovables.com\/wp-content\/uploads\/2021\/12\/4.png 1016w, https:\/\/arlumirenovables.com\/wp-content\/uploads\/2021\/12\/4-300x125.png 300w, https:\/\/arlumirenovables.com\/wp-content\/uploads\/2021\/12\/4-400x167.png 400w, https:\/\/arlumirenovables.com\/wp-content\/uploads\/2021\/12\/4-600x250.png 600w\" sizes=\"auto, (max-width: 1016px) 100vw, 1016px\" \/><\/div><\/div><\/div><\/div><\/div><div class=\"vc_col-sm-3 wpb_column vc_column_container\"><div class=\"vc_column-inner\"><div class=\"wpb_wrapper\"><div class=\"w-image us_custom_d8e2b599 us_animate_this align_center\"><div class=\"w-image-h\"><img loading=\"lazy\" decoding=\"async\" width=\"331\" height=\"453\" src=\"https:\/\/arlumirenovables.com\/wp-content\/uploads\/2021\/11\/2Recurso-7.png\" class=\"attachment-full size-full\" alt=\"\" srcset=\"https:\/\/arlumirenovables.com\/wp-content\/uploads\/2021\/11\/2Recurso-7.png 331w, https:\/\/arlumirenovables.com\/wp-content\/uploads\/2021\/11\/2Recurso-7-219x300.png 219w\" sizes=\"auto, (max-width: 331px) 100vw, 331px\" \/><\/div><\/div><\/div><\/div><\/div><\/div><\/div><\/div><\/div><div class=\"vc_col-sm-5 vc_col-md-5 vc_col-xs-12 wpb_column vc_column_container\"><div class=\"vc_column-inner type_sticky\"><div class=\"wpb_wrapper\"><div class=\"wpb_text_column us_custom_fc05a68c us_animate_this\"><div class=\"wpb_wrapper\"><p>In 2014 <strong>Arlumi Renovables<\/strong> crossed the pond with renewable energy projects in Latin America.<\/p>\n<p>It began with photovoltaic plant projects in Peru for the sale of energy through a Power Purchase Agreement (PPA).<\/p>\n<p>In 2015, it carried out hydroelectric power plant projects to register them in the &#8220;International Auction for the Supply of Electricity to the National Interconnected Electricity System with Renewable Energy Resources&#8221; (RER) called by the &#8220;Organismo Superior de la Inversi\u00f3n en Energ\u00eda y Miner\u00eda&#8221; (Osinergmin).<\/p>\n<\/div><\/div><\/div><\/div><\/div><\/div><\/div><\/section>\n","protected":false},"excerpt":{"rendered":"In 2014 Arlumi Renovables crossed the pond with renewable energy projects in Latin America. It began with photovoltaic plant projects in Peru for the sale of energy through a Power Purchase Agreement (PPA). In 2015, it carried out hydroelectric power plant projects to register them in the &#8220;International Auction for the Supply of Electricity to...","protected":false},"author":1,"featured_media":564,"parent":0,"menu_order":0,"comment_status":"closed","ping_status":"closed","template":"","meta":{"footnotes":""},"class_list":["post-1084","page","type-page","status-publish","has-post-thumbnail","hentry"],"acf":[],"yoast_head":"<!-- This site is optimized with the Yoast SEO Premium plugin v17.8 (Yoast SEO v19.13) - https:\/\/yoast.com\/wordpress\/plugins\/seo\/ -->\n<title>International - Arlumi Renovables<\/title>\n<meta name=\"description\" content=\"Spanish company dedicated to the installation of renewable energy projects throughout the national territory and abroad.\" \/>\n<meta name=\"robots\" content=\"index, follow, max-snippet:-1, max-image-preview:large, max-video-preview:-1\" \/>\n<link rel=\"canonical\" href=\"https:\/\/arlumirenovables.com\/en\/international\/\" \/>\n<meta property=\"og:locale\" content=\"en_US\" \/>\n<meta property=\"og:type\" content=\"article\" \/>\n<meta property=\"og:title\" content=\"International\" \/>\n<meta property=\"og:description\" content=\"Spanish company dedicated to the installation of renewable energy projects throughout the national territory and abroad.\" \/>\n<meta property=\"og:url\" content=\"https:\/\/arlumirenovables.com\/en\/international\/\" \/>\n<meta property=\"og:site_name\" content=\"Arlumi Renovables\" \/>\n<meta property=\"article:modified_time\" content=\"2021-12-23T15:00:32+00:00\" \/>\n<meta property=\"og:image\" content=\"https:\/\/arlumirenovables.com\/wp-content\/uploads\/2021\/11\/Energia-renovabls-arlumi.png\" \/>\n\t<meta property=\"og:image:width\" content=\"680\" \/>\n\t<meta property=\"og:image:height\" content=\"900\" \/>\n\t<meta property=\"og:image:type\" content=\"image\/png\" \/>\n<meta name=\"twitter:card\" content=\"summary_large_image\" \/>\n<meta name=\"twitter:label1\" content=\"Est. reading time\" \/>\n\t<meta name=\"twitter:data1\" content=\"2 minutes\" \/>\n<script type=\"application\/ld+json\" class=\"yoast-schema-graph\">{\"@context\":\"https:\/\/schema.org\",\"@graph\":[{\"@type\":\"WebPage\",\"@id\":\"https:\/\/arlumirenovables.com\/en\/international\/\",\"url\":\"https:\/\/arlumirenovables.com\/en\/international\/\",\"name\":\"International - Arlumi Renovables\",\"isPartOf\":{\"@id\":\"https:\/\/arlumirenovables.com\/en\/#website\"},\"datePublished\":\"2021-12-22T10:54:20+00:00\",\"dateModified\":\"2021-12-23T15:00:32+00:00\",\"description\":\"Spanish company dedicated to the installation of renewable energy projects throughout the national territory and abroad.\",\"breadcrumb\":{\"@id\":\"https:\/\/arlumirenovables.com\/en\/international\/#breadcrumb\"},\"inLanguage\":\"en-US\",\"potentialAction\":[{\"@type\":\"ReadAction\",\"target\":[\"https:\/\/arlumirenovables.com\/en\/international\/\"]}]},{\"@type\":\"BreadcrumbList\",\"@id\":\"https:\/\/arlumirenovables.com\/en\/international\/#breadcrumb\",\"itemListElement\":[{\"@type\":\"ListItem\",\"position\":1,\"name\":\"Home\",\"item\":\"https:\/\/arlumirenovables.com\/en\/\"},{\"@type\":\"ListItem\",\"position\":2,\"name\":\"International\"}]},{\"@type\":\"WebSite\",\"@id\":\"https:\/\/arlumirenovables.com\/en\/#website\",\"url\":\"https:\/\/arlumirenovables.com\/en\/\",\"name\":\"Arlumi Renovables\",\"description\":\"Empresa Instaladora de Energ\u00edas Renovables.\",\"publisher\":{\"@id\":\"https:\/\/arlumirenovables.com\/en\/#organization\"},\"potentialAction\":[{\"@type\":\"SearchAction\",\"target\":{\"@type\":\"EntryPoint\",\"urlTemplate\":\"https:\/\/arlumirenovables.com\/en\/?s={search_term_string}\"},\"query-input\":\"required name=search_term_string\"}],\"inLanguage\":\"en-US\"},{\"@type\":\"Organization\",\"@id\":\"https:\/\/arlumirenovables.com\/en\/#organization\",\"name\":\"Arlumi Renovables\",\"url\":\"https:\/\/arlumirenovables.com\/en\/\",\"logo\":{\"@type\":\"ImageObject\",\"inLanguage\":\"en-US\",\"@id\":\"https:\/\/arlumirenovables.com\/en\/#\/schema\/logo\/image\/\",\"url\":\"https:\/\/arlumirenovables.com\/wp-content\/uploads\/2021\/10\/LOGOS-23-copia.png\",\"contentUrl\":\"https:\/\/arlumirenovables.com\/wp-content\/uploads\/2021\/10\/LOGOS-23-copia.png\",\"width\":500,\"height\":234,\"caption\":\"Arlumi Renovables\"},\"image\":{\"@id\":\"https:\/\/arlumirenovables.com\/en\/#\/schema\/logo\/image\/\"}}]}<\/script>\n<!-- \/ Yoast SEO Premium plugin. -->","yoast_head_json":{"title":"International - Arlumi Renovables","description":"Spanish company dedicated to the installation of renewable energy projects throughout the national territory and abroad.","robots":{"index":"index","follow":"follow","max-snippet":"max-snippet:-1","max-image-preview":"max-image-preview:large","max-video-preview":"max-video-preview:-1"},"canonical":"https:\/\/arlumirenovables.com\/en\/international\/","og_locale":"en_US","og_type":"article","og_title":"International","og_description":"Spanish company dedicated to the installation of renewable energy projects throughout the national territory and abroad.","og_url":"https:\/\/arlumirenovables.com\/en\/international\/","og_site_name":"Arlumi Renovables","article_modified_time":"2021-12-23T15:00:32+00:00","og_image":[{"width":680,"height":900,"url":"https:\/\/arlumirenovables.com\/wp-content\/uploads\/2021\/11\/Energia-renovabls-arlumi.png","type":"image\/png"}],"twitter_card":"summary_large_image","twitter_misc":{"Est. reading time":"2 minutes"},"schema":{"@context":"https:\/\/schema.org","@graph":[{"@type":"WebPage","@id":"https:\/\/arlumirenovables.com\/en\/international\/","url":"https:\/\/arlumirenovables.com\/en\/international\/","name":"International - Arlumi Renovables","isPartOf":{"@id":"https:\/\/arlumirenovables.com\/en\/#website"},"datePublished":"2021-12-22T10:54:20+00:00","dateModified":"2021-12-23T15:00:32+00:00","description":"Spanish company dedicated to the installation of renewable energy projects throughout the national territory and abroad.","breadcrumb":{"@id":"https:\/\/arlumirenovables.com\/en\/international\/#breadcrumb"},"inLanguage":"en-US","potentialAction":[{"@type":"ReadAction","target":["https:\/\/arlumirenovables.com\/en\/international\/"]}]},{"@type":"BreadcrumbList","@id":"https:\/\/arlumirenovables.com\/en\/international\/#breadcrumb","itemListElement":[{"@type":"ListItem","position":1,"name":"Home","item":"https:\/\/arlumirenovables.com\/en\/"},{"@type":"ListItem","position":2,"name":"International"}]},{"@type":"WebSite","@id":"https:\/\/arlumirenovables.com\/en\/#website","url":"https:\/\/arlumirenovables.com\/en\/","name":"Arlumi Renovables","description":"Empresa Instaladora de Energ\u00edas Renovables.","publisher":{"@id":"https:\/\/arlumirenovables.com\/en\/#organization"},"potentialAction":[{"@type":"SearchAction","target":{"@type":"EntryPoint","urlTemplate":"https:\/\/arlumirenovables.com\/en\/?s={search_term_string}"},"query-input":"required name=search_term_string"}],"inLanguage":"en-US"},{"@type":"Organization","@id":"https:\/\/arlumirenovables.com\/en\/#organization","name":"Arlumi Renovables","url":"https:\/\/arlumirenovables.com\/en\/","logo":{"@type":"ImageObject","inLanguage":"en-US","@id":"https:\/\/arlumirenovables.com\/en\/#\/schema\/logo\/image\/","url":"https:\/\/arlumirenovables.com\/wp-content\/uploads\/2021\/10\/LOGOS-23-copia.png","contentUrl":"https:\/\/arlumirenovables.com\/wp-content\/uploads\/2021\/10\/LOGOS-23-copia.png","width":500,"height":234,"caption":"Arlumi Renovables"},"image":{"@id":"https:\/\/arlumirenovables.com\/en\/#\/schema\/logo\/image\/"}}]}},"_links":{"self":[{"href":"https:\/\/arlumirenovables.com\/en\/wp-json\/wp\/v2\/pages\/1084","targetHints":{"allow":["GET"]}}],"collection":[{"href":"https:\/\/arlumirenovables.com\/en\/wp-json\/wp\/v2\/pages"}],"about":[{"href":"https:\/\/arlumirenovables.com\/en\/wp-json\/wp\/v2\/types\/page"}],"author":[{"embeddable":true,"href":"https:\/\/arlumirenovables.com\/en\/wp-json\/wp\/v2\/users\/1"}],"replies":[{"embeddable":true,"href":"https:\/\/arlumirenovables.com\/en\/wp-json\/wp\/v2\/comments?post=1084"}],"version-history":[{"count":11,"href":"https:\/\/arlumirenovables.com\/en\/wp-json\/wp\/v2\/pages\/1084\/revisions"}],"predecessor-version":[{"id":1309,"href":"https:\/\/arlumirenovables.com\/en\/wp-json\/wp\/v2\/pages\/1084\/revisions\/1309"}],"wp:featuredmedia":[{"embeddable":true,"href":"https:\/\/arlumirenovables.com\/en\/wp-json\/wp\/v2\/media\/564"}],"wp:attachment":[{"href":"https:\/\/arlumirenovables.com\/en\/wp-json\/wp\/v2\/media?parent=1084"}],"curies":[{"name":"wp","href":"https:\/\/api.w.org\/{rel}","templated":true}]}}